{"id":575,"date":"2021-02-23T10:04:36","date_gmt":"2021-02-23T09:04:36","guid":{"rendered":"http:\/\/strzelnica-karpacz.pl\/?page_id=575"},"modified":"2023-06-14T09:31:20","modified_gmt":"2023-06-14T07:31:20","slug":"imprezy-firmowe","status":"publish","type":"page","link":"https:\/\/strzelnica-karpacz.pl\/?page_id=575","title":{"rendered":"Imprezy integracyjne"},"content":{"rendered":"\t\t<div data-elementor-type=\"wp-page\" data-elementor-id=\"575\" class=\"elementor elementor-575\">\n\t\t\t\t\t\t\t\t\t<section class=\"elementor-section elementor-top-section elementor-element elementor-element-c92f98f elementor-section-height-min-height elementor-section-boxed elementor-section-height-default elementor-section-items-middle\" data-id=\"c92f98f\" data-element_type=\"section\" data-settings=\"{&quot;background_background&quot;:&quot;classic&quot;}\">\n\t\t\t\t\t\t\t<div class=\"elementor-background-overlay\"><\/div>\n\t\t\t\t\t\t\t<div class=\"elementor-container elementor-column-gap-no\">\n\t\t\t\t\t<div class=\"elementor-column elementor-col-100 elementor-top-column elementor-element elementor-element-7d9d430\" data-id=\"7d9d430\" data-element_type=\"column\">\n\t\t\t<div class=\"elementor-widget-wrap\">\n\t\t\t\t\t\t\t\t\t<\/div>\n\t\t<\/div>\n\t\t\t\t\t\t\t<\/div>\n\t\t<\/section>\n\t\t\t\t<section class=\"elementor-section elementor-top-section elementor-element elementor-element-7aa1776 elementor-section-boxed elementor-section-height-default elementor-section-height-default\" data-id=\"7aa1776\" data-element_type=\"section\" data-settings=\"{&quot;background_background&quot;:&quot;classic&quot;}\">\n\t\t\t\t\t\t<div class=\"elementor-container elementor-column-gap-no\">\n\t\t\t\t\t<div class=\"elementor-column elementor-col-100 elementor-top-column elementor-element elementor-element-fb713a7\" data-id=\"fb713a7\" data-element_type=\"column\">\n\t\t\t<div class=\"elementor-widget-wrap elementor-element-populated\">\n\t\t\t\t\t\t\t\t<div class=\"elementor-element elementor-element-466ce24 elementor-widget__width-inherit elementor-widget elementor-widget-heading\" data-id=\"466ce24\" data-element_type=\"widget\" data-widget_type=\"heading.default\">\n\t\t\t\t<div class=\"elementor-widget-container\">\n\t\t\t<style>\/*! elementor - v3.6.7 - 03-07-2022 *\/\n.elementor-heading-title{padding:0;margin:0;line-height:1}.elementor-widget-heading .elementor-heading-title[class*=elementor-size-]>a{color:inherit;font-size:inherit;line-height:inherit}.elementor-widget-heading .elementor-heading-title.elementor-size-small{font-size:15px}.elementor-widget-heading .elementor-heading-title.elementor-size-medium{font-size:19px}.elementor-widget-heading .elementor-heading-title.elementor-size-large{font-size:29px}.elementor-widget-heading .elementor-heading-title.elementor-size-xl{font-size:39px}.elementor-widget-heading .elementor-heading-title.elementor-size-xxl{font-size:59px}<\/style><p class=\"elementor-heading-title elementor-size-medium\">\"Strzelnica w Starej Fabryce\" specjalizuje si\u0119 w organizacji imprez okoliczno\u015bciowych, firmowych i szkole\u0144. <\/p>\t\t<\/div>\n\t\t\t\t<\/div>\n\t\t\t\t<div class=\"elementor-element elementor-element-47c2eff elementor-widget elementor-widget-heading\" data-id=\"47c2eff\" data-element_type=\"widget\" data-widget_type=\"heading.default\">\n\t\t\t\t<div class=\"elementor-widget-container\">\n\t\t\t<p class=\"elementor-heading-title elementor-size-medium\">Impreza firmowa\/integracyjna<\/p>\t\t<\/div>\n\t\t\t\t<\/div>\n\t\t\t\t<div class=\"elementor-element elementor-element-6306d5e elementor-widget elementor-widget-text-editor\" data-id=\"6306d5e\" data-element_type=\"widget\" data-widget_type=\"text-editor.default\">\n\t\t\t\t<div class=\"elementor-widget-container\">\n\t\t\t<style>\/*! elementor - v3.6.7 - 03-07-2022 *\/\n.elementor-widget-text-editor.elementor-drop-cap-view-stacked .elementor-drop-cap{background-color:#818a91;color:#fff}.elementor-widget-text-editor.elementor-drop-cap-view-framed .elementor-drop-cap{color:#818a91;border:3px solid;background-color:transparent}.elementor-widget-text-editor:not(.elementor-drop-cap-view-default) .elementor-drop-cap{margin-top:8px}.elementor-widget-text-editor:not(.elementor-drop-cap-view-default) .elementor-drop-cap-letter{width:1em;height:1em}.elementor-widget-text-editor .elementor-drop-cap{float:left;text-align:center;line-height:1;font-size:50px}.elementor-widget-text-editor .elementor-drop-cap-letter{display:inline-block}<\/style>\t\t\t\t<p>&#8222;Strzelnica w Starej Fabryce&#8221; organizuje imprezy firmowe i integracyjne w oparciu o dwa modele:<\/p><ul><li>pobyt na strzelnicy i strzelanie z prawdziwej broni palnej, zapoznanie uczestnik\u00f3w z dzia\u0142aniem podstawowych modeli broni, rozegranie konkursu i wy\u0142onienie najlepszego strzelca imprezy<\/li><li>pobyt na strzelnicy i strzelanie z prawdziwej broni palnej po\u0142\u0105czone z wypraw\u0105 off road<\/li><\/ul><p>Ostateczny kszta\u0142t imprezy zale\u017cy wy\u0142\u0105cznie od zamawiaj\u0105cego, i bud\u017cetu jaki zamierza przeznaczy\u0107 na przygotowanie imprezy. Na ostateczny koszt wydarzenia wp\u0142yw maj\u0105:<\/p><ul><li>wyb\u00f3r scenariusza\u00a0 (strzelnica lub strzelnica plus off road)<\/li><li>ilo\u015b\u0107 os\u00f3b bior\u0105cych udzia\u0142 w wydarzeniu (maksymalnie oko\u0142o 80 os\u00f3b)<\/li><li>czas jaki zamawiaj\u0105cy mo\u017ce przeznaczy\u0107 na przeprowadzenie imprezy<\/li><li>polowy catering (groch\u00f3wka, pieczyste, chleb ze smalcem, itp) lub jego brak<\/li><\/ul><p>Ka\u017cda z wycen ma charakter indywidualny bo ka\u017cda z imprez jest wyj\u0105tkowa i niepowtarzalna. Dobieramy parametry imprezy by sprosta\u0107 ka\u017cdemu z zapyta\u0144 i przeprowadzi\u0107 wydarzenie w spos\u00f3b profesjonalny i bezpieczny.<\/p><p>Wi\u0119cej informacji oraz zapytania prosz\u0119 kierowa\u0107 na numer telefonu (508 984 346) lub adres e-mail (biuro@strzelnica-karpacz.pl)<\/p>\t\t\t\t\t\t<\/div>\n\t\t\t\t<\/div>\n\t\t\t\t<div class=\"elementor-element elementor-element-c169b88 elementor-widget elementor-widget-spacer\" data-id=\"c169b88\" data-element_type=\"widget\" data-widget_type=\"spacer.default\">\n\t\t\t\t<div class=\"elementor-widget-container\">\n\t\t\t<style>\/*! elementor - v3.6.7 - 03-07-2022 *\/\n.e-container.e-container--row .elementor-spacer-inner{width:var(--spacer-size)}.e-container.e-container--column .elementor-spacer-inner,.elementor-column .elementor-spacer-inner{height:var(--spacer-size)}<\/style>\t\t<div class=\"elementor-spacer\">\n\t\t\t<div class=\"elementor-spacer-inner\"><\/div>\n\t\t<\/div>\n\t\t\t\t<\/div>\n\t\t\t\t<\/div>\n\t\t\t\t<div class=\"elementor-element elementor-element-7d10652 elementor-widget elementor-widget-heading\" data-id=\"7d10652\" data-element_type=\"widget\" data-widget_type=\"heading.default\">\n\t\t\t\t<div class=\"elementor-widget-container\">\n\t\t\t<p class=\"elementor-heading-title elementor-size-medium\">Wiecz\u00f3r kawalerski\/panie\u0144ski<\/p>\t\t<\/div>\n\t\t\t\t<\/div>\n\t\t\t\t<div class=\"elementor-element elementor-element-03235a8 elementor-widget elementor-widget-text-editor\" data-id=\"03235a8\" data-element_type=\"widget\" data-widget_type=\"text-editor.default\">\n\t\t\t\t<div class=\"elementor-widget-container\">\n\t\t\t\t\t\t\t<p>&#8222;Strzelnica w Starej Fabryce&#8221; to doskona\u0142e miejsce na organizacje elementu wieczoru kawalerskiego lub panie\u0144skiego. Bro\u0144 jak\u0105 dysponujemy pozwala na dobranie odpowiednich modeli i typ\u00f3w tak by ka\u017cda osoba by\u0142a w stanie do\u015bwiadczy\u0107 przyjemno\u015bci p\u0142yn\u0105cej z u\u017cywania broni palnej &#8211; zar\u00f3wno panie jak i panowie.<br><\/p>\n<p>Przy wieczorach kawalerskich\/panie\u0144skich potrzebujemy kilkudniowego wyprzedzenia i za\u0142o\u017cenia rezerwacji. Koniecznie potrzebujemy zna\u0107 liczb\u0119 os\u00f3b bior\u0105cych udzia\u0142 w wydarzeniu i przybli\u017con\u0105 godzin\u0119 przyjazdu. Warto tak\u017ce z g\u00f3ry okre\u015bli\u0107 bud\u017cet imprezy wyra\u017cony w kwocie na osob\u0119. Kwota ta w ca\u0142o\u015bci b\u0119dzie wykorzystana na pobyt na strzelnicy i zawiera:<br><\/p>\n<ul>\n<li>indywidualn\u0105 opiek\u0119 instruktora oraz szkolenie z dzia\u0142ania broni palnej i jej bezpiecznego u\u017cywania<\/li>\n<li>strzelanie z wybranych modeli broni palnej do wyczerpania okre\u015blonego wcze\u015bniej bud\u017cetu. <br><\/li>\n<\/ul>\n<p>Od uczestnik\u00f3w wymagamy absolutnej trze\u017awo\u015bci, od organizatora wieczoru &#8211; bezzwrotnej zaliczki przy sk\u0142adaniu rezerwacji. <br><\/p><p>Wi\u0119cej informacji oraz zapytania prosz\u0119 kierowa\u0107 na numer telefonu (508 984 346) lub adres e-mail (biuro@strzelnica-karpacz.pl)<\/p>\t\t\t\t\t\t<\/div>\n\t\t\t\t<\/div>\n\t\t\t\t\t<\/div>\n\t\t<\/div>\n\t\t\t\t\t\t\t<\/div>\n\t\t<\/section>\n\t\t\t\t\t\t\t<\/div>\n\t\t","protected":false},"excerpt":{"rendered":"<p>&#8222;Strzelnica w Starej Fabryce&#8221; specjalizuje si\u0119 w organizacji imprez okoliczno\u015bciowych, firmowych i szkole\u0144. Impreza firmowa\/integracyjna &#8222;Strzelnica w Starej Fabryce&#8221; organizuje imprezy firmowe i integracyjne w oparciu o dwa modele: pobyt na strzelnicy i strzelanie z prawdziwej broni palnej, zapoznanie uczestnik\u00f3w z dzia\u0142aniem podstawowych modeli broni, rozegranie konkursu i wy\u0142onienie najlepszego strzelca imprezy pobyt na strzelnicy &hellip;<\/p>\n<p class=\"read-more\"> <a class=\"\" href=\"https:\/\/strzelnica-karpacz.pl\/?page_id=575\"> <span class=\"screen-reader-text\">Imprezy integracyjne<\/span> Read More &raquo;<\/a><\/p>\n","protected":false},"author":1,"featured_media":0,"parent":0,"menu_order":0,"comment_status":"closed","ping_status":"closed","template":"","meta":{"om_disable_all_campaigns":false,"_monsterinsights_skip_tracking":false,"_monsterinsights_sitenote_active":false,"_monsterinsights_sitenote_note":"","_monsterinsights_sitenote_category":0,"site-sidebar-layout":"no-sidebar","site-content-layout":"page-builder","ast-global-header-display":"","ast-main-header-display":"","ast-hfb-above-header-display":"","ast-hfb-below-header-display":"","ast-hfb-mobile-header-display":"","site-post-title":"disabled","ast-breadcrumbs-content":"disabled","ast-featured-img":"disabled","footer-sml-layout":"","theme-transparent-header-meta":"enabled","adv-header-id-meta":"","stick-header-meta":"","header-above-stick-meta":"","header-main-stick-meta":"","header-below-stick-meta":"","footnotes":""},"class_list":["post-575","page","type-page","status-publish","hentry"],"yoast_head":"<!-- This site is optimized with the Yoast SEO plugin v19.6.1 - https:\/\/yoast.com\/wordpress\/plugins\/seo\/ -->\n<title>Imprezy integracyjne - Strzelnica Kapracz<\/title>\n<meta name=\"robots\" content=\"index, follow, max-snippet:-1, max-image-preview:large, max-video-preview:-1\" \/>\n<link rel=\"canonical\" href=\"https:\/\/strzelnica-karpacz.pl\/?page_id=575\" \/>\n<meta property=\"og:locale\" content=\"pl_PL\" \/>\n<meta property=\"og:type\" content=\"article\" \/>\n<meta property=\"og:title\" content=\"Imprezy integracyjne - Strzelnica Kapracz\" \/>\n<meta property=\"og:description\" content=\"&#8222;Strzelnica w Starej Fabryce&#8221; specjalizuje si\u0119 w organizacji imprez okoliczno\u015bciowych, firmowych i szkole\u0144. Impreza firmowa\/integracyjna &#8222;Strzelnica w Starej Fabryce&#8221; organizuje imprezy firmowe i integracyjne w oparciu o dwa modele: pobyt na strzelnicy i strzelanie z prawdziwej broni palnej, zapoznanie uczestnik\u00f3w z dzia\u0142aniem podstawowych modeli broni, rozegranie konkursu i wy\u0142onienie najlepszego strzelca imprezy pobyt na strzelnicy &hellip; Imprezy integracyjne Read More &raquo;\" \/>\n<meta property=\"og:url\" content=\"https:\/\/strzelnica-karpacz.pl\/?page_id=575\" \/>\n<meta property=\"og:site_name\" content=\"Strzelnica Kapracz\" \/>\n<meta property=\"article:modified_time\" content=\"2023-06-14T07:31:20+00:00\" \/>\n<meta name=\"twitter:card\" content=\"summary_large_image\" \/>\n<meta name=\"twitter:label1\" content=\"Szacowany czas czytania\" \/>\n\t<meta name=\"twitter:data1\" content=\"6 minut\" \/>\n<script type=\"application\/ld+json\" class=\"yoast-schema-graph\">{\"@context\":\"https:\/\/schema.org\",\"@graph\":[{\"@type\":\"WebPage\",\"@id\":\"https:\/\/strzelnica-karpacz.pl\/?page_id=575\",\"url\":\"https:\/\/strzelnica-karpacz.pl\/?page_id=575\",\"name\":\"Imprezy integracyjne - Strzelnica Kapracz\",\"isPartOf\":{\"@id\":\"https:\/\/strzelnica-karpacz.pl\/#website\"},\"datePublished\":\"2021-02-23T09:04:36+00:00\",\"dateModified\":\"2023-06-14T07:31:20+00:00\",\"breadcrumb\":{\"@id\":\"https:\/\/strzelnica-karpacz.pl\/?page_id=575#breadcrumb\"},\"inLanguage\":\"pl-PL\",\"potentialAction\":[{\"@type\":\"ReadAction\",\"target\":[\"https:\/\/strzelnica-karpacz.pl\/?page_id=575\"]}]},{\"@type\":\"BreadcrumbList\",\"@id\":\"https:\/\/strzelnica-karpacz.pl\/?page_id=575#breadcrumb\",\"itemListElement\":[{\"@type\":\"ListItem\",\"position\":1,\"name\":\"Strona g\u0142\u00f3wna\",\"item\":\"https:\/\/strzelnica-karpacz.pl\/\"},{\"@type\":\"ListItem\",\"position\":2,\"name\":\"Imprezy integracyjne\"}]},{\"@type\":\"WebSite\",\"@id\":\"https:\/\/strzelnica-karpacz.pl\/#website\",\"url\":\"https:\/\/strzelnica-karpacz.pl\/\",\"name\":\"Strzelnica Kapracz\",\"description\":\"Strona strzelnicy w Karpaczu\",\"potentialAction\":[{\"@type\":\"SearchAction\",\"target\":{\"@type\":\"EntryPoint\",\"urlTemplate\":\"https:\/\/strzelnica-karpacz.pl\/?s={search_term_string}\"},\"query-input\":\"required name=search_term_string\"}],\"inLanguage\":\"pl-PL\"}]}<\/script>\n<!-- \/ Yoast SEO plugin. -->","yoast_head_json":{"title":"Imprezy integracyjne - Strzelnica Kapracz","robots":{"index":"index","follow":"follow","max-snippet":"max-snippet:-1","max-image-preview":"max-image-preview:large","max-video-preview":"max-video-preview:-1"},"canonical":"https:\/\/strzelnica-karpacz.pl\/?page_id=575","og_locale":"pl_PL","og_type":"article","og_title":"Imprezy integracyjne - Strzelnica Kapracz","og_description":"&#8222;Strzelnica w Starej Fabryce&#8221; specjalizuje si\u0119 w organizacji imprez okoliczno\u015bciowych, firmowych i szkole\u0144. Impreza firmowa\/integracyjna &#8222;Strzelnica w Starej Fabryce&#8221; organizuje imprezy firmowe i integracyjne w oparciu o dwa modele: pobyt na strzelnicy i strzelanie z prawdziwej broni palnej, zapoznanie uczestnik\u00f3w z dzia\u0142aniem podstawowych modeli broni, rozegranie konkursu i wy\u0142onienie najlepszego strzelca imprezy pobyt na strzelnicy &hellip; Imprezy integracyjne Read More &raquo;","og_url":"https:\/\/strzelnica-karpacz.pl\/?page_id=575","og_site_name":"Strzelnica Kapracz","article_modified_time":"2023-06-14T07:31:20+00:00","twitter_card":"summary_large_image","twitter_misc":{"Szacowany czas czytania":"6 minut"},"schema":{"@context":"https:\/\/schema.org","@graph":[{"@type":"WebPage","@id":"https:\/\/strzelnica-karpacz.pl\/?page_id=575","url":"https:\/\/strzelnica-karpacz.pl\/?page_id=575","name":"Imprezy integracyjne - Strzelnica Kapracz","isPartOf":{"@id":"https:\/\/strzelnica-karpacz.pl\/#website"},"datePublished":"2021-02-23T09:04:36+00:00","dateModified":"2023-06-14T07:31:20+00:00","breadcrumb":{"@id":"https:\/\/strzelnica-karpacz.pl\/?page_id=575#breadcrumb"},"inLanguage":"pl-PL","potentialAction":[{"@type":"ReadAction","target":["https:\/\/strzelnica-karpacz.pl\/?page_id=575"]}]},{"@type":"BreadcrumbList","@id":"https:\/\/strzelnica-karpacz.pl\/?page_id=575#breadcrumb","itemListElement":[{"@type":"ListItem","position":1,"name":"Strona g\u0142\u00f3wna","item":"https:\/\/strzelnica-karpacz.pl\/"},{"@type":"ListItem","position":2,"name":"Imprezy integracyjne"}]},{"@type":"WebSite","@id":"https:\/\/strzelnica-karpacz.pl\/#website","url":"https:\/\/strzelnica-karpacz.pl\/","name":"Strzelnica Kapracz","description":"Strona strzelnicy w Karpaczu","potentialAction":[{"@type":"SearchAction","target":{"@type":"EntryPoint","urlTemplate":"https:\/\/strzelnica-karpacz.pl\/?s={search_term_string}"},"query-input":"required name=search_term_string"}],"inLanguage":"pl-PL"}]}},"_links":{"self":[{"href":"https:\/\/strzelnica-karpacz.pl\/index.php?rest_route=\/wp\/v2\/pages\/575","targetHints":{"allow":["GET"]}}],"collection":[{"href":"https:\/\/strzelnica-karpacz.pl\/index.php?rest_route=\/wp\/v2\/pages"}],"about":[{"href":"https:\/\/strzelnica-karpacz.pl\/index.php?rest_route=\/wp\/v2\/types\/page"}],"author":[{"embeddable":true,"href":"https:\/\/strzelnica-karpacz.pl\/index.php?rest_route=\/wp\/v2\/users\/1"}],"replies":[{"embeddable":true,"href":"https:\/\/strzelnica-karpacz.pl\/index.php?rest_route=%2Fwp%2Fv2%2Fcomments&post=575"}],"version-history":[{"count":48,"href":"https:\/\/strzelnica-karpacz.pl\/index.php?rest_route=\/wp\/v2\/pages\/575\/revisions"}],"predecessor-version":[{"id":1371,"href":"https:\/\/strzelnica-karpacz.pl\/index.php?rest_route=\/wp\/v2\/pages\/575\/revisions\/1371"}],"wp:attachment":[{"href":"https:\/\/strzelnica-karpacz.pl\/index.php?rest_route=%2Fwp%2Fv2%2Fmedia&parent=575"}],"curies":[{"name":"wp","href":"https:\/\/api.w.org\/{rel}","templated":true}]}}