{"id":576,"date":"2021-02-23T10:05:00","date_gmt":"2021-02-23T09:05:00","guid":{"rendered":"http:\/\/strzelnica-karpacz.pl\/?page_id=576"},"modified":"2025-06-18T13:35:33","modified_gmt":"2025-06-18T11:35:33","slug":"pakiety-strzeleckie","status":"publish","type":"page","link":"https:\/\/strzelnica-karpacz.pl\/?page_id=576","title":{"rendered":"Pakiety strzeleckie"},"content":{"rendered":"\t\t<div data-elementor-type=\"wp-page\" data-elementor-id=\"576\" class=\"elementor elementor-576\">\n\t\t\t\t\t\t\t\t\t<section class=\"elementor-section elementor-top-section elementor-element elementor-element-35d6ff0 elementor-section-height-min-height elementor-section-boxed elementor-section-height-default elementor-section-items-middle\" data-id=\"35d6ff0\" data-element_type=\"section\" data-settings=\"{&quot;background_background&quot;:&quot;classic&quot;}\">\n\t\t\t\t\t\t\t<div class=\"elementor-background-overlay\"><\/div>\n\t\t\t\t\t\t\t<div class=\"elementor-container elementor-column-gap-no\">\n\t\t\t\t\t<div class=\"elementor-column elementor-col-100 elementor-top-column elementor-element elementor-element-ff0efb0\" data-id=\"ff0efb0\" data-element_type=\"column\">\n\t\t\t<div class=\"elementor-widget-wrap elementor-element-populated\">\n\t\t\t\t\t\t\t\t\t<\/div>\n\t\t<\/div>\n\t\t\t\t\t\t\t<\/div>\n\t\t<\/section>\n\t\t\t\t<section class=\"elementor-section elementor-top-section elementor-element elementor-element-92b2e92 elementor-section-boxed elementor-section-height-default elementor-section-height-default\" data-id=\"92b2e92\" data-element_type=\"section\" data-settings=\"{&quot;background_background&quot;:&quot;classic&quot;}\">\n\t\t\t\t\t\t<div class=\"elementor-container elementor-column-gap-default\">\n\t\t\t\t\t<div class=\"elementor-column elementor-col-100 elementor-top-column elementor-element elementor-element-65faec2\" data-id=\"65faec2\" data-element_type=\"column\">\n\t\t\t<div class=\"elementor-widget-wrap elementor-element-populated\">\n\t\t\t\t\t\t\t\t<div class=\"elementor-element elementor-element-9206069 elementor-widget elementor-widget-shortcode\" data-id=\"9206069\" data-element_type=\"widget\" data-widget_type=\"shortcode.default\">\n\t\t\t\t<div class=\"elementor-widget-container\">\n\t\t\t\t\t<div class=\"elementor-shortcode\"><div class=\"bookitone-product-component\"><div class=\"headline\"><span data-id=\"4a4dac75-1c0a-4dee-910a-fc20f13137d0\"  data-color=\"b19540\"class=\"cta bookitone-booking-init\">Zobacz ca\u0142\u0105 ofert\u0119  \u2192<\/span><\/div><div class=\"offer\"><div class=\"container\"><ul><li class=\"product\"><a href=\"?rest_route=%2Fwp%2Fv2%2Fpages%2F576&offer=DIY\" class=\"content\"><div class=\"image-group\"><img decoding=\"async\" src=\"https:\/\/storeapi.bookit.one\/api\/v1\/shop\/product\/DIY\/image\/large?tenantId=4a4dac75-1c0a-4dee-910a-fc20f13137d0\"><\/div><div class=\"name-group\"><div class=\"label\"><\/div><div class=\"name\">Wiem co robi\u0119 DIY<\/div><div class=\"price\">25,00 z\u0142<\/div><\/div><\/a><\/li><li class=\"product\"><a href=\"?rest_route=%2Fwp%2Fv2%2Fpages%2F576&offer=P-PKA\" class=\"content\"><div class=\"image-group\"><img decoding=\"async\" src=\"https:\/\/storeapi.bookit.one\/api\/v1\/shop\/product\/P-PKA\/image\/large?tenantId=4a4dac75-1c0a-4dee-910a-fc20f13137d0\"><\/div><div class=\"name-group\"><div class=\"label\">31 strza\u0142\u00f3w<\/div><div class=\"name\">Pakiet Pistolet, AK47 i M4<\/div><div class=\"price\">225,00 z\u0142<\/div><\/div><\/a><\/li><li class=\"product\"><a href=\"?rest_route=%2Fwp%2Fv2%2Fpages%2F576&offer=P-PIS\" class=\"content\"><div class=\"image-group\"><img decoding=\"async\" src=\"https:\/\/storeapi.bookit.one\/api\/v1\/shop\/product\/P-PIS\/image\/large?tenantId=4a4dac75-1c0a-4dee-910a-fc20f13137d0\"><\/div><div class=\"name-group\"><div class=\"label\">46 strza\u0142\u00f3w<\/div><div class=\"name\">Pakiet PISTOLET<\/div><div class=\"price\">265,00 z\u0142<\/div><\/div><\/a><\/li><li class=\"product\"><a href=\"?rest_route=%2Fwp%2Fv2%2Fpages%2F576&offer=P-PKR\" class=\"content\"><div class=\"image-group\"><img decoding=\"async\" src=\"https:\/\/storeapi.bookit.one\/api\/v1\/shop\/product\/P-PKR\/image\/large?tenantId=4a4dac75-1c0a-4dee-910a-fc20f13137d0\"><\/div><div class=\"name-group\"><div class=\"label\">36 strza\u0142\u00f3w<\/div><div class=\"name\">Pierwszy Krok<\/div><div class=\"price\">285,00 z\u0142<\/div><\/div><\/a><\/li><li class=\"product\"><a href=\"?rest_route=%2Fwp%2Fv2%2Fpages%2F576&offer=PDK\" class=\"content\"><div class=\"image-group\"><img decoding=\"async\" src=\"https:\/\/storeapi.bookit.one\/api\/v1\/shop\/product\/PDK\/image\/large?tenantId=4a4dac75-1c0a-4dee-910a-fc20f13137d0\"><\/div><div class=\"name-group\"><div class=\"label\">46 strza\u0142\u00f3w<\/div><div class=\"name\">Drugi Krok<\/div><div class=\"price\">395,00 z\u0142<\/div><\/div><\/a><\/li><li class=\"product\"><a href=\"?rest_route=%2Fwp%2Fv2%2Fpages%2F576&offer=SZS\" class=\"content\"><div class=\"image-group\"><img decoding=\"async\" src=\"https:\/\/storeapi.bookit.one\/api\/v1\/shop\/product\/SZS\/image\/large?tenantId=4a4dac75-1c0a-4dee-910a-fc20f13137d0\"><\/div><div class=\"name-group\"><div class=\"label\">21 strza\u0142\u00f3w<\/div><div class=\"name\">Szybki i Sprawny<\/div><div class=\"price\">145,00 z\u0142<\/div><\/div><\/a><\/li><li class=\"product\"><a href=\"?rest_route=%2Fwp%2Fv2%2Fpages%2F576&offer=P-MLO\" class=\"content\"><div class=\"image-group\"><img decoding=\"async\" src=\"https:\/\/storeapi.bookit.one\/api\/v1\/shop\/product\/P-MLO\/image\/large?tenantId=4a4dac75-1c0a-4dee-910a-fc20f13137d0\"><\/div><div class=\"name-group\"><div class=\"label\">31 strza\u0142\u00f3w<\/div><div class=\"name\">M\u0142odzie\u017cowy<\/div><div class=\"price\">175,00 z\u0142<\/div><\/div><\/a><\/li><li class=\"product\"><a href=\"?rest_route=%2Fwp%2Fv2%2Fpages%2F576&offer=P-PKS\" class=\"content\"><div class=\"image-group\"><img decoding=\"async\" src=\"https:\/\/storeapi.bookit.one\/api\/v1\/shop\/product\/P-PKS\/image\/large?tenantId=4a4dac75-1c0a-4dee-910a-fc20f13137d0\"><\/div><div class=\"name-group\"><div class=\"label\">26 strza\u0142\u00f3w<\/div><div class=\"name\">PKS - Pistolet, Karabin, Strzelba<\/div><div class=\"price\">215,00 z\u0142<\/div><\/div><\/a><\/li><li class=\"product\"><a href=\"?rest_route=%2Fwp%2Fv2%2Fpages%2F576&offer=P-NAS\" class=\"content\"><div class=\"image-group\"><img decoding=\"async\" src=\"https:\/\/storeapi.bookit.one\/api\/v1\/shop\/product\/P-NAS\/image\/large?tenantId=4a4dac75-1c0a-4dee-910a-fc20f13137d0\"><\/div><div class=\"name-group\"><div class=\"label\">41 strza\u0142\u00f3w<\/div><div class=\"name\">Nastolatek<\/div><div class=\"price\">195,00 z\u0142<\/div><\/div><\/a><\/li><li class=\"product\"><a href=\"?rest_route=%2Fwp%2Fv2%2Fpages%2F576&offer=P-HIP\" class=\"content\"><div class=\"image-group\"><img decoding=\"async\" src=\"https:\/\/storeapi.bookit.one\/api\/v1\/shop\/product\/P-HIP\/image\/large?tenantId=4a4dac75-1c0a-4dee-910a-fc20f13137d0\"><\/div><div class=\"name-group\"><div class=\"label\">96 strza\u0142\u00f3w<\/div><div class=\"name\">Turbo Mega Hiper Wszystko na raz<\/div><div class=\"price\">835,00 z\u0142<\/div><\/div><\/a><\/li><li class=\"product\"><a href=\"?rest_route=%2Fwp%2Fv2%2Fpages%2F576&offer=V-200\" class=\"content\"><div class=\"image-group\"><img decoding=\"async\" src=\"https:\/\/storeapi.bookit.one\/api\/v1\/shop\/product\/V-200\/image\/large?tenantId=4a4dac75-1c0a-4dee-910a-fc20f13137d0\"><\/div><div class=\"name-group\"><div class=\"label\"><\/div><div class=\"name\">Voucher na strzelanie Strzelnica w Starej Fabryce<\/div><div class=\"price\">225,00 z\u0142<\/div><\/div><\/a><\/li><li class=\"product\"><a href=\"?rest_route=%2Fwp%2Fv2%2Fpages%2F576&offer=V-300\" class=\"content\"><div class=\"image-group\"><img decoding=\"async\" src=\"https:\/\/storeapi.bookit.one\/api\/v1\/shop\/product\/V-300\/image\/large?tenantId=4a4dac75-1c0a-4dee-910a-fc20f13137d0\"><\/div><div class=\"name-group\"><div class=\"label\"><\/div><div class=\"name\">Voucher na strzelanie Strzelnica w Starej Fabryce<\/div><div class=\"price\">325,00 z\u0142<\/div><\/div><\/a><\/li><li class=\"product\"><a href=\"?rest_route=%2Fwp%2Fv2%2Fpages%2F576&offer=V-250\" class=\"content\"><div class=\"image-group\"><img decoding=\"async\" src=\"https:\/\/storeapi.bookit.one\/api\/v1\/shop\/product\/V-250\/image\/large?tenantId=4a4dac75-1c0a-4dee-910a-fc20f13137d0\"><\/div><div class=\"name-group\"><div class=\"label\"><\/div><div class=\"name\">Voucher na strzelanie Strzelnica w Starej Fabryce<\/div><div class=\"price\">275,00 z\u0142<\/div><\/div><\/a><\/li><li class=\"product\"><a href=\"?rest_route=%2Fwp%2Fv2%2Fpages%2F576&offer=V-350\" class=\"content\"><div class=\"image-group\"><img decoding=\"async\" src=\"https:\/\/storeapi.bookit.one\/api\/v1\/shop\/product\/V-350\/image\/large?tenantId=4a4dac75-1c0a-4dee-910a-fc20f13137d0\"><\/div><div class=\"name-group\"><div class=\"label\"><\/div><div class=\"name\">Voucher na strzelanie Strzelnica w Starej Fabryce<\/div><div class=\"price\">375,00 z\u0142<\/div><\/div><\/a><\/li><li class=\"product\"><a href=\"?rest_route=%2Fwp%2Fv2%2Fpages%2F576&offer=V-600\" class=\"content\"><div class=\"image-group\"><img decoding=\"async\" src=\"https:\/\/storeapi.bookit.one\/api\/v1\/shop\/product\/V-600\/image\/large?tenantId=4a4dac75-1c0a-4dee-910a-fc20f13137d0\"><\/div><div class=\"name-group\"><div class=\"label\"><\/div><div class=\"name\">Voucher na strzelanie Strzelnica w Starej Fabryce<\/div><div class=\"price\">625,00 z\u0142<\/div><\/div><\/a><\/li><li class=\"product\"><a href=\"?rest_route=%2Fwp%2Fv2%2Fpages%2F576&offer=V-1000\" class=\"content\"><div class=\"image-group\"><img decoding=\"async\" src=\"https:\/\/storeapi.bookit.one\/api\/v1\/shop\/product\/V-1000\/image\/large?tenantId=4a4dac75-1c0a-4dee-910a-fc20f13137d0\"><\/div><div class=\"name-group\"><div class=\"label\"><\/div><div class=\"name\">Voucher na strzelanie Strzelnica w Starej Fabryce<\/div><div class=\"price\">1\u00a0000,00 z\u0142<\/div><\/div><\/a><\/li><\/ul><\/div><\/div><\/div><\/div>\n\t\t\t\t<\/div>\n\t\t\t\t<\/div>\n\t\t\t\t\t<\/div>\n\t\t<\/div>\n\t\t\t\t\t\t\t<\/div>\n\t\t<\/section>\n\t\t\t\t\t\t\t<\/div>\n\t\t","protected":false},"excerpt":{"rendered":"","protected":false},"author":1,"featured_media":0,"parent":0,"menu_order":0,"comment_status":"closed","ping_status":"closed","template":"","meta":{"om_disable_all_campaigns":false,"_monsterinsights_skip_tracking":false,"_monsterinsights_sitenote_active":false,"_monsterinsights_sitenote_note":"","_monsterinsights_sitenote_category":0,"site-sidebar-layout":"no-sidebar","site-content-layout":"page-builder","ast-global-header-display":"","ast-main-header-display":"","ast-hfb-above-header-display":"","ast-hfb-below-header-display":"","ast-hfb-mobile-header-display":"","site-post-title":"disabled","ast-breadcrumbs-content":"disabled","ast-featured-img":"disabled","footer-sml-layout":"","theme-transparent-header-meta":"enabled","adv-header-id-meta":"","stick-header-meta":"","header-above-stick-meta":"","header-main-stick-meta":"","header-below-stick-meta":"","footnotes":""},"class_list":["post-576","page","type-page","status-publish","hentry"],"yoast_head":"<!-- This site is optimized with the Yoast SEO plugin v19.6.1 - https:\/\/yoast.com\/wordpress\/plugins\/seo\/ -->\n<title>Pakiety strzeleckie - Strzelnica Kapracz<\/title>\n<meta name=\"robots\" content=\"index, follow, max-snippet:-1, max-image-preview:large, max-video-preview:-1\" \/>\n<link rel=\"canonical\" href=\"https:\/\/strzelnica-karpacz.pl\/?page_id=576\" \/>\n<meta property=\"og:locale\" content=\"pl_PL\" \/>\n<meta property=\"og:type\" content=\"article\" \/>\n<meta property=\"og:title\" content=\"Pakiety strzeleckie - Strzelnica Kapracz\" \/>\n<meta property=\"og:url\" content=\"https:\/\/strzelnica-karpacz.pl\/?page_id=576\" \/>\n<meta property=\"og:site_name\" content=\"Strzelnica Kapracz\" \/>\n<meta property=\"article:modified_time\" content=\"2025-06-18T11:35:33+00:00\" \/>\n<meta name=\"twitter:card\" content=\"summary_large_image\" \/>\n<meta name=\"twitter:label1\" content=\"Szacowany czas czytania\" \/>\n\t<meta name=\"twitter:data1\" content=\"4 minuty\" \/>\n<script type=\"application\/ld+json\" class=\"yoast-schema-graph\">{\"@context\":\"https:\/\/schema.org\",\"@graph\":[{\"@type\":\"WebPage\",\"@id\":\"https:\/\/strzelnica-karpacz.pl\/?page_id=576\",\"url\":\"https:\/\/strzelnica-karpacz.pl\/?page_id=576\",\"name\":\"Pakiety strzeleckie - Strzelnica Kapracz\",\"isPartOf\":{\"@id\":\"https:\/\/strzelnica-karpacz.pl\/#website\"},\"datePublished\":\"2021-02-23T09:05:00+00:00\",\"dateModified\":\"2025-06-18T11:35:33+00:00\",\"breadcrumb\":{\"@id\":\"https:\/\/strzelnica-karpacz.pl\/?page_id=576#breadcrumb\"},\"inLanguage\":\"pl-PL\",\"potentialAction\":[{\"@type\":\"ReadAction\",\"target\":[\"https:\/\/strzelnica-karpacz.pl\/?page_id=576\"]}]},{\"@type\":\"BreadcrumbList\",\"@id\":\"https:\/\/strzelnica-karpacz.pl\/?page_id=576#breadcrumb\",\"itemListElement\":[{\"@type\":\"ListItem\",\"position\":1,\"name\":\"Strona g\u0142\u00f3wna\",\"item\":\"https:\/\/strzelnica-karpacz.pl\/\"},{\"@type\":\"ListItem\",\"position\":2,\"name\":\"Pakiety strzeleckie\"}]},{\"@type\":\"WebSite\",\"@id\":\"https:\/\/strzelnica-karpacz.pl\/#website\",\"url\":\"https:\/\/strzelnica-karpacz.pl\/\",\"name\":\"Strzelnica Kapracz\",\"description\":\"Strona strzelnicy w Karpaczu\",\"potentialAction\":[{\"@type\":\"SearchAction\",\"target\":{\"@type\":\"EntryPoint\",\"urlTemplate\":\"https:\/\/strzelnica-karpacz.pl\/?s={search_term_string}\"},\"query-input\":\"required name=search_term_string\"}],\"inLanguage\":\"pl-PL\"}]}<\/script>\n<!-- \/ Yoast SEO plugin. -->","yoast_head_json":{"title":"Pakiety strzeleckie - Strzelnica Kapracz","robots":{"index":"index","follow":"follow","max-snippet":"max-snippet:-1","max-image-preview":"max-image-preview:large","max-video-preview":"max-video-preview:-1"},"canonical":"https:\/\/strzelnica-karpacz.pl\/?page_id=576","og_locale":"pl_PL","og_type":"article","og_title":"Pakiety strzeleckie - Strzelnica Kapracz","og_url":"https:\/\/strzelnica-karpacz.pl\/?page_id=576","og_site_name":"Strzelnica Kapracz","article_modified_time":"2025-06-18T11:35:33+00:00","twitter_card":"summary_large_image","twitter_misc":{"Szacowany czas czytania":"4 minuty"},"schema":{"@context":"https:\/\/schema.org","@graph":[{"@type":"WebPage","@id":"https:\/\/strzelnica-karpacz.pl\/?page_id=576","url":"https:\/\/strzelnica-karpacz.pl\/?page_id=576","name":"Pakiety strzeleckie - Strzelnica Kapracz","isPartOf":{"@id":"https:\/\/strzelnica-karpacz.pl\/#website"},"datePublished":"2021-02-23T09:05:00+00:00","dateModified":"2025-06-18T11:35:33+00:00","breadcrumb":{"@id":"https:\/\/strzelnica-karpacz.pl\/?page_id=576#breadcrumb"},"inLanguage":"pl-PL","potentialAction":[{"@type":"ReadAction","target":["https:\/\/strzelnica-karpacz.pl\/?page_id=576"]}]},{"@type":"BreadcrumbList","@id":"https:\/\/strzelnica-karpacz.pl\/?page_id=576#breadcrumb","itemListElement":[{"@type":"ListItem","position":1,"name":"Strona g\u0142\u00f3wna","item":"https:\/\/strzelnica-karpacz.pl\/"},{"@type":"ListItem","position":2,"name":"Pakiety strzeleckie"}]},{"@type":"WebSite","@id":"https:\/\/strzelnica-karpacz.pl\/#website","url":"https:\/\/strzelnica-karpacz.pl\/","name":"Strzelnica Kapracz","description":"Strona strzelnicy w Karpaczu","potentialAction":[{"@type":"SearchAction","target":{"@type":"EntryPoint","urlTemplate":"https:\/\/strzelnica-karpacz.pl\/?s={search_term_string}"},"query-input":"required name=search_term_string"}],"inLanguage":"pl-PL"}]}},"_links":{"self":[{"href":"https:\/\/strzelnica-karpacz.pl\/index.php?rest_route=\/wp\/v2\/pages\/576","targetHints":{"allow":["GET"]}}],"collection":[{"href":"https:\/\/strzelnica-karpacz.pl\/index.php?rest_route=\/wp\/v2\/pages"}],"about":[{"href":"https:\/\/strzelnica-karpacz.pl\/index.php?rest_route=\/wp\/v2\/types\/page"}],"author":[{"embeddable":true,"href":"https:\/\/strzelnica-karpacz.pl\/index.php?rest_route=\/wp\/v2\/users\/1"}],"replies":[{"embeddable":true,"href":"https:\/\/strzelnica-karpacz.pl\/index.php?rest_route=%2Fwp%2Fv2%2Fcomments&post=576"}],"version-history":[{"count":68,"href":"https:\/\/strzelnica-karpacz.pl\/index.php?rest_route=\/wp\/v2\/pages\/576\/revisions"}],"predecessor-version":[{"id":1503,"href":"https:\/\/strzelnica-karpacz.pl\/index.php?rest_route=\/wp\/v2\/pages\/576\/revisions\/1503"}],"wp:attachment":[{"href":"https:\/\/strzelnica-karpacz.pl\/index.php?rest_route=%2Fwp%2Fv2%2Fmedia&parent=576"}],"curies":[{"name":"wp","href":"https:\/\/api.w.org\/{rel}","templated":true}]}}